{"id":371,"date":"2021-03-16T06:14:51","date_gmt":"2021-03-16T06:14:51","guid":{"rendered":"https:\/\/booking-pilot.com\/ba\/?page_id=371"},"modified":"2022-11-03T19:52:13","modified_gmt":"2022-11-03T19:52:13","slug":"impressum","status":"publish","type":"page","link":"https:\/\/booking-pilot.com\/ba\/impressum\/","title":{"rendered":"Impressum"},"content":{"rendered":"<p>[et_pb_section fb_built=&#8221;1&#8243; next_background_color=&#8221;#ffffff&#8221; admin_label=&#8221;Hero&#8221; _builder_version=&#8221;4.8.2&#8243; use_background_color_gradient=&#8221;on&#8221; background_color_gradient_start=&#8221;#283d4b&#8221; background_color_gradient_end=&#8221;rgba(128,103,79,0.5)&#8221; background_color_gradient_direction=&#8221;70deg&#8221; background_color_gradient_overlays_image=&#8221;on&#8221; background_image=&#8221;https:\/\/booking-pilot.com\/ba\/wp-content\/uploads\/2021\/03\/calendar-5886860_1920.jpg&#8221; custom_margin=&#8221;||3%|&#8221; custom_padding=&#8221;6vw|||&#8221; bottom_divider_style=&#8221;mountains2&#8243; bottom_divider_height=&#8221;20vw&#8221; bottom_divider_repeat=&#8221;0.5x&#8221; bottom_divider_flip=&#8221;horizontal|vertical&#8221;][\/et_pb_section][et_pb_section fb_built=&#8221;1&#8243; _builder_version=&#8221;4.9.1&#8243; _module_preset=&#8221;default&#8221;][et_pb_row _builder_version=&#8221;4.9.1&#8243; _module_preset=&#8221;default&#8221;][et_pb_column type=&#8221;4_4&#8243; _builder_version=&#8221;4.9.1&#8243; _module_preset=&#8221;default&#8221;][et_pb_text _builder_version=&#8221;4.9.1&#8243; _module_preset=&#8221;default&#8221; text_text_color=&#8221;#000000&#8243; header_font_size=&#8221;36px&#8221; hover_enabled=&#8221;0&#8243; sticky_enabled=&#8221;0&#8243;]<\/p>\n<h1 style=\"text-align: center;\">Impressum<\/h1>\n<p>&nbsp;<\/p>\n<h2>Izdava\u010d:<\/h2>\n<p>Algopoint e.U.<\/p>\n<p>&nbsp;<\/p>\n<h2>Kontakt:<\/h2>\n<p>Tel.: +387 61 376 593<br \/>E-Mail: <a href=\"mailto:office_sa@booking-pilot.com\">office_sa(@)booking-pilot.com<\/a><br \/>Web: <a href=\"https:\/\/www.booking-pilot.com\">https:\/\/www.booking-pilot.com<\/a><\/p>\n<p>&nbsp;<\/p>\n<h2><span class=\"VIiyi\" jsaction=\"mouseup:BR6jm\" jsname=\"jqKxS\" lang=\"bs\"><span jsaction=\"agoMJf:PFBcW;usxOmf:aWLT7;jhKsnd:P7O7bd,F8DmGf;Q4AGo:Gm7gYd,qAKMYb;uFUCPb:pvnm0e,pfE8Hb,PFBcW;f56efd:dJXsye;EnoYf:KNzws,ZJsZZ,JgVSJc;zdMJQc:cCQNKb,ZJsZZ,zchEXc;Ytrrj:JJDvdc;tNR8yc:GeFvjb;oFN6Ye:hij5Wb;bmeZHc:iURhpf;Oxj3Xe:qAKMYb,yaf12d\" jsname=\"txFAF\" class=\"JLqJ4b ChMk0b\" data-language-for-alternatives=\"bs\" data-language-to-translate-into=\"de\" data-phrase-index=\"0\" data-number-of-phrases=\"1\" jscontroller=\"Zl5N8\" jsdata=\"uqLsIf;_;$78\" jsmodel=\"SsMkhd\"><span jsaction=\"click:qtZ4nf,GFf3ac,tMZCfe; contextmenu:Nqw7Te,QP7LD; mouseout:Nqw7Te; mouseover:qtZ4nf,c2aHje\" jsname=\"W297wb\">Odricanje od odgovornosti<\/span><\/span><\/span><\/h2>\n<p><span class=\"VIiyi\" jsaction=\"mouseup:BR6jm\" jsname=\"jqKxS\" lang=\"bs\"><span jsaction=\"agoMJf:PFBcW;usxOmf:aWLT7;jhKsnd:P7O7bd,F8DmGf;Q4AGo:Gm7gYd,qAKMYb;uFUCPb:pvnm0e,pfE8Hb,PFBcW;f56efd:dJXsye;EnoYf:KNzws,ZJsZZ,JgVSJc;zdMJQc:cCQNKb,ZJsZZ,zchEXc;Ytrrj:JJDvdc;tNR8yc:GeFvjb;oFN6Ye:hij5Wb;bmeZHc:iURhpf;Oxj3Xe:qAKMYb,yaf12d\" jsname=\"txFAF\" class=\"JLqJ4b ChMk0b\" data-language-for-alternatives=\"bs\" data-language-to-translate-into=\"de\" data-phrase-index=\"0\" data-number-of-phrases=\"1\" jscontroller=\"Zl5N8\" jsdata=\"uqLsIf;_;$78\" jsmodel=\"SsMkhd\"><span jsaction=\"click:qtZ4nf,GFf3ac,tMZCfe; contextmenu:Nqw7Te,QP7LD; mouseout:Nqw7Te; mouseover:qtZ4nf,c2aHje\" jsname=\"W297wb\"><\/span><\/span><\/span><\/p>\n<h2><span class=\"VIiyi\" jsaction=\"mouseup:BR6jm\" jsname=\"jqKxS\" lang=\"bs\"><span jsaction=\"agoMJf:PFBcW;usxOmf:aWLT7;jhKsnd:P7O7bd,F8DmGf;Q4AGo:Gm7gYd,qAKMYb;uFUCPb:pvnm0e,pfE8Hb,PFBcW;f56efd:dJXsye;EnoYf:KNzws,ZJsZZ,JgVSJc;zdMJQc:cCQNKb,ZJsZZ,zchEXc;Ytrrj:JJDvdc;tNR8yc:GeFvjb;oFN6Ye:hij5Wb;bmeZHc:iURhpf;Oxj3Xe:qAKMYb,yaf12d\" jsname=\"txFAF\" class=\"JLqJ4b ChMk0b\" data-language-for-alternatives=\"bs\" data-language-to-translate-into=\"de\" data-phrase-index=\"0\" data-number-of-phrases=\"1\" jscontroller=\"Zl5N8\" jsdata=\"uqLsIf;_;$88\" jsmodel=\"SsMkhd\"><span jsaction=\"click:qtZ4nf,GFf3ac,tMZCfe; contextmenu:Nqw7Te,QP7LD; mouseout:Nqw7Te; mouseover:qtZ4nf,c2aHje\" jsname=\"W297wb\">Odgovornost za sadr\u017eaj<\/span><\/span><\/span><\/h2>\n<p>Sadr\u017eaj na\u0161eg homepage-a sastavljen je s najve\u0107om pa\u017enjom. Me\u0111utim, nedostaci koji se odnose na ispravnost, potpunost i aktuelnost sadr\u017eaja ne mogu se u potpunosti isklju\u010diti. Sve ponude su neobavezuju\u0107e. Autor izri\u010dito zadr\u017eava pravo izmjene, dodavanja ili brisanja dijelova stranica ili cijele ponude ili da privremeno ili trajno obustavi objavljivanje bez prethodne najave.<\/p>\n<p>&nbsp;<\/p>\n<h2><span class=\"VIiyi\" jsaction=\"mouseup:BR6jm\" jsname=\"jqKxS\" lang=\"bs\"><span jsaction=\"agoMJf:PFBcW;usxOmf:aWLT7;jhKsnd:P7O7bd,F8DmGf;Q4AGo:Gm7gYd,qAKMYb;uFUCPb:pvnm0e,pfE8Hb,PFBcW;f56efd:dJXsye;EnoYf:KNzws,ZJsZZ,JgVSJc;zdMJQc:cCQNKb,ZJsZZ,zchEXc;Ytrrj:JJDvdc;tNR8yc:GeFvjb;oFN6Ye:hij5Wb;bmeZHc:iURhpf;Oxj3Xe:qAKMYb,yaf12d\" jsname=\"txFAF\" class=\"JLqJ4b ChMk0b\" data-language-for-alternatives=\"bs\" data-language-to-translate-into=\"de\" data-phrase-index=\"0\" data-number-of-phrases=\"1\" jscontroller=\"Zl5N8\" jsdata=\"uqLsIf;_;$124\" jsmodel=\"SsMkhd\"><span jsaction=\"click:qtZ4nf,GFf3ac,tMZCfe; contextmenu:Nqw7Te,QP7LD; mouseout:Nqw7Te; mouseover:qtZ4nf,c2aHje\" jsname=\"W297wb\">Odgovornost za linkove<\/span><\/span><\/span><\/h2>\n<p>Na\u0161a ponuda sadr\u017ei linkove koji vode prema vanjskim web stranicama tre\u0107ih strana na \u010diji sadr\u017eaj nemamo utjecaja. Stoga ne mo\u017eemo prihvatiti nikakvu odgovornost za sadr\u017eaj tre\u0107e strane. Odgovaraju\u0107i provajder ili operater web stranica uvijek je odgovoran za vlastiti sadr\u017eaj. Eksterne web stranice smo provjerili na o\u010digledno nezakonit sadr\u017eaj u vrijeme kada smo ih povezivali sa nasom web stranicom. Stalno pra\u0107enje i kontrolisanje sadr\u017eaja eksternih stranica nije mogu\u0107e bez konkretnih dokaza o kr\u0161enju zakona. Nakon obavijesti o zakonskim kr\u0161enjima, takve linkove \u0107emo odmah ukloniti. Stoga se ovim izri\u010dito ogra\u0111ujemo od svih sadr\u017eaja na svim povezanim web stranicama koji su promijenjeni od uspostavljanja linkova prema njima. Za nezakonit, neta\u010dan ili nekompletan sadr\u017eaj, a posebno za \u0161tetu nastalu upotrebom ili nekori\u0161tenjem informacija predstavljenih na ovaj na\u010din, odgovoran je isklju\u010divo provajder stranice na koju se upu\u0107uje, a ne osoba koja se samo poziva na doti\u010dni objavljivanjem linka.<\/p>\n<p>&nbsp;<\/p>\n<h2>A<span class=\"VIiyi\" jsaction=\"mouseup:BR6jm\" jsname=\"jqKxS\" lang=\"bs\"><span jsaction=\"agoMJf:PFBcW;usxOmf:aWLT7;jhKsnd:P7O7bd,F8DmGf;Q4AGo:Gm7gYd,qAKMYb;uFUCPb:pvnm0e,pfE8Hb,PFBcW;f56efd:dJXsye;EnoYf:KNzws,ZJsZZ,JgVSJc;zdMJQc:cCQNKb,ZJsZZ,zchEXc;Ytrrj:JJDvdc;tNR8yc:GeFvjb;oFN6Ye:hij5Wb;bmeZHc:iURhpf;Oxj3Xe:qAKMYb,yaf12d\" jsname=\"txFAF\" class=\"JLqJ4b ChMk0b\" data-language-for-alternatives=\"bs\" data-language-to-translate-into=\"de\" data-phrase-index=\"0\" data-number-of-phrases=\"1\" jscontroller=\"Zl5N8\" jsdata=\"uqLsIf;_;$154\" jsmodel=\"SsMkhd\"><span jsaction=\"click:qtZ4nf,GFf3ac,tMZCfe; contextmenu:Nqw7Te,QP7LD; mouseout:Nqw7Te; mouseover:qtZ4nf,c2aHje\" jsname=\"W297wb\">utorsko pravo<\/span><\/span><\/span><\/h2>\n<p>Trudimo se da uvijek po\u0161tujemo autorska prava drugih ili da koristimo vlastita djela ili djela drugih osoba i kompanija za koja nije potrebna licenca. Sadr\u017eaj i djela stvorena na ovim stranicama podlije\u017eu austrijskom zakonu o autorskim pravima. Doprinosi tre\u0107ih lica su ozna\u010deni kao takvi. Umno\u017eavanje, obrada, distribucija i bilo koja vrsta eksploatacije izvan granica zakona o autorskim pravima zahtijeva pismenu saglasnost odgovaraju\u0107eg autora ili kreatora.<\/p>\n<p>&nbsp;<\/p>\n<h2>Kori\u0161tene slike<\/h2>\n<p>Svi tekstovi i slike kori\u0161teni na ovoj web stranici vlasni\u0161tvo su kompanije Algopoint e.U.<\/p>\n<p>Pojedinacno navedene slike: www.fotolia.com, stock.adobe.com. pexels.org, Edisa Photography &amp; freepik.com<\/p>\n<p>Freepic:<br \/>Doctor with a stethoscope in the hands and hospital background<br \/>Makeup artist applying eyeliner on model<br \/>Close up of long hair cut by hairdresser<br \/>Beautiful girl sitting in the dentist&#8217;s office<br \/>Masseur doing massage on female shoulder in the beauty salon<br \/>License type: Premium license (Unlimited use without attribution) *<br \/>Licensor&#8217;s Author: Gpointstudio &#8211; Freepik.com<br \/>Licensee: Ado<\/p>\n<p>Pexels: Foto von Taryn Elliott von Pexels<br \/>Fotolia: garagist in front of the laptop Datei: #184859709 | Urheber: auremar<\/p>\n<p>Edisa Photography: <a href=\"https:\/\/edisa-arnaut.format.com\/\">https:\/\/edisa-arnaut.format.com\/<\/a><\/p>\n<p>[\/et_pb_text][\/et_pb_column][\/et_pb_row][\/et_pb_section]<\/p>\n","protected":false},"excerpt":{"rendered":"<p>Impressum &nbsp; Izdava\u010d: Algopoint e.U. &nbsp; Kontakt: Tel.: +387 61 376 593E-Mail: office_sa(@)booking-pilot.comWeb: https:\/\/www.booking-pilot.com &nbsp; Odricanje od odgovornosti Odgovornost za sadr\u017eaj Sadr\u017eaj na\u0161eg homepage-a sastavljen je s najve\u0107om pa\u017enjom. Me\u0111utim, nedostaci koji se odnose na ispravnost, potpunost i aktuelnost sadr\u017eaja ne mogu se u potpunosti isklju\u010diti. Sve ponude su neobavezuju\u0107e. Autor izri\u010dito zadr\u017eava pravo izmjene, [&hellip;]<\/p>\n","protected":false},"author":1,"featured_media":0,"parent":0,"menu_order":0,"comment_status":"closed","ping_status":"closed","template":"","meta":{"_et_pb_use_builder":"on","_et_pb_old_content":"","_et_gb_content_width":"","footnotes":""},"class_list":["post-371","page","type-page","status-publish","hentry"],"_links":{"self":[{"href":"https:\/\/booking-pilot.com\/ba\/wp-json\/wp\/v2\/pages\/371","targetHints":{"allow":["GET"]}}],"collection":[{"href":"https:\/\/booking-pilot.com\/ba\/wp-json\/wp\/v2\/pages"}],"about":[{"href":"https:\/\/booking-pilot.com\/ba\/wp-json\/wp\/v2\/types\/page"}],"author":[{"embeddable":true,"href":"https:\/\/booking-pilot.com\/ba\/wp-json\/wp\/v2\/users\/1"}],"replies":[{"embeddable":true,"href":"https:\/\/booking-pilot.com\/ba\/wp-json\/wp\/v2\/comments?post=371"}],"version-history":[{"count":19,"href":"https:\/\/booking-pilot.com\/ba\/wp-json\/wp\/v2\/pages\/371\/revisions"}],"predecessor-version":[{"id":1524,"href":"https:\/\/booking-pilot.com\/ba\/wp-json\/wp\/v2\/pages\/371\/revisions\/1524"}],"wp:attachment":[{"href":"https:\/\/booking-pilot.com\/ba\/wp-json\/wp\/v2\/media?parent=371"}],"curies":[{"name":"wp","href":"https:\/\/api.w.org\/{rel}","templated":true}]}}