{"id":343,"date":"2021-03-14T20:55:03","date_gmt":"2021-03-14T20:55:03","guid":{"rendered":"https:\/\/booking-pilot.com\/ba\/?page_id=343"},"modified":"2021-11-10T12:38:22","modified_gmt":"2021-11-10T12:38:22","slug":"faq","status":"publish","type":"page","link":"https:\/\/booking-pilot.com\/ba\/faq\/","title":{"rendered":"FAQ"},"content":{"rendered":"<p>[et_pb_section fb_built=&#8221;1&#8243; next_background_color=&#8221;#ffffff&#8221; admin_label=&#8221;Hero&#8221; _builder_version=&#8221;4.9.1&#8243; use_background_color_gradient=&#8221;on&#8221; background_color_gradient_start=&#8221;#2e4565&#8243; background_color_gradient_end=&#8221;rgba(255,255,255,0.27)&#8221; background_color_gradient_direction=&#8221;91deg&#8221; background_color_gradient_start_position=&#8221;9%&#8221; background_color_gradient_overlays_image=&#8221;on&#8221; background_image=&#8221;https:\/\/test.booking-pilot.com\/wp-content\/uploads\/2021\/03\/sdadsad.jpg&#8221; min_height_tablet=&#8221;&#8221; min_height_phone=&#8221;764px&#8221; min_height_last_edited=&#8221;on|phone&#8221; custom_margin=&#8221;||3%|&#8221; custom_padding=&#8221;6vw||119px|||&#8221; bottom_divider_style=&#8221;mountains2&#8243; bottom_divider_height=&#8221;20vw&#8221; bottom_divider_repeat=&#8221;0.5x&#8221; bottom_divider_flip=&#8221;horizontal|vertical&#8221;][et_pb_row _builder_version=&#8221;3.25&#8243; custom_margin=&#8221;|||&#8221; custom_padding=&#8221;27px|0px|0|0px|false|false&#8221;][et_pb_column type=&#8221;4_4&#8243; _builder_version=&#8221;3.25&#8243; custom_padding=&#8221;|||&#8221; custom_padding__hover=&#8221;|||&#8221;][et_pb_text _builder_version=&#8221;4.9.1&#8243; text_font=&#8221;||||||||&#8221; text_font_size=&#8221;11px&#8221; header_font=&#8221;Josefin Sans|700|||||||&#8221; header_font_size=&#8221;5em&#8221; header_2_font=&#8221;Josefin Sans||||||||&#8221; header_2_text_color=&#8221;rgba(255,255,255,0.6)&#8221; header_2_font_size=&#8221;2.5em&#8221; header_2_line_height=&#8221;1.4em&#8221; background_layout=&#8221;dark&#8221; custom_padding=&#8221;||50px|||&#8221; animation_style=&#8221;slide&#8221; animation_direction=&#8221;right&#8221; animation_intensity_slide=&#8221;4%&#8221; header_font_size_tablet=&#8221;50px&#8221; header_font_size_phone=&#8221;32px&#8221; header_font_size_last_edited=&#8221;on|desktop&#8221; header_2_font_size_tablet=&#8221;&#8221; header_2_font_size_phone=&#8221;24px&#8221; header_2_font_size_last_edited=&#8221;on|phone&#8221; header_text_shadow_style=&#8221;preset1&#8243; header_text_shadow_vertical_length=&#8221;0.03em&#8221; header_text_shadow_blur_strength=&#8221;0.02em&#8221; inline_fonts=&#8221;Montserrat&#8221;]<\/p>\n<h1><span style=\"color: #ff813a;\"><strong><span style=\"font-family: Montserrat;\">FAQ<\/span><\/strong><\/span> &#8211; <strong><span style=\"font-family: Montserrat;\">\u010cesto postavljena pitanja<\/span><\/strong><\/h1>\n<h2><span style=\"font-family: Montserrat; font-weight: normal;\"><\/span><span style=\"font-family: Montserrat; font-weight: normal;\">Za\u0161to komplikovati?<br \/>Booking Pilot \u2013 jasan, jednostavan, efikasan na\u010din rezervacije termina<\/span><\/h2>\n<p>[\/et_pb_text][\/et_pb_column][\/et_pb_row][et_pb_row use_custom_gutter=&#8221;on&#8221; gutter_width=&#8221;1&#8243; disabled_on=&#8221;on|off|off&#8221; module_class=&#8221; et_pb_row_fullwidth&#8221; _builder_version=&#8221;4.9.1&#8243; width=&#8221;100%&#8221; width_tablet=&#8221;100%&#8221; width_phone=&#8221;&#8221; width_last_edited=&#8221;on|desktop&#8221; max_width=&#8221;100%&#8221; max_width_tablet=&#8221;100%&#8221; max_width_phone=&#8221;&#8221; max_width_last_edited=&#8221;on|desktop&#8221; custom_margin=&#8221;34px|auto||auto||&#8221; filter_opacity=&#8221;67%&#8221; make_fullwidth=&#8221;on&#8221; locked=&#8221;off&#8221;][et_pb_column type=&#8221;4_4&#8243; _builder_version=&#8221;3.25&#8243; custom_padding=&#8221;|||&#8221; custom_padding__hover=&#8221;|||&#8221;][et_pb_text _builder_version=&#8221;4.9.1&#8243; text_font=&#8221;Josefin Sans|700||on|||||&#8221; text_text_color=&#8221;rgba(255,255,255,0.2)&#8221; text_font_size=&#8221;15vw&#8221; text_line_height=&#8221;1em&#8221; quote_font=&#8221;||||||||&#8221; header_font=&#8221;||||||||&#8221; min_height=&#8221;101.7px&#8221; custom_margin=&#8221;-106px||-4.4em|||&#8221; custom_padding=&#8221;0px|||||&#8221; filter_opacity=&#8221;48%&#8221; animation_style=&#8221;slide&#8221; animation_direction=&#8221;right&#8221; animation_duration=&#8221;10000ms&#8221; animation_intensity_slide=&#8221;10%&#8221; animation_starting_opacity=&#8221;40%&#8221; animation_speed_curve=&#8221;linear&#8221; text_font_size_tablet=&#8221;124px&#8221; text_font_size_phone=&#8221;90px&#8221; text_font_size_last_edited=&#8221;off|desktop&#8221; inline_fonts=&#8221;Montserrat&#8221;]<\/p>\n<p><strong><span style=\"font-family: Montserrat;\"> F.A. Q.<\/span><\/strong><\/p>\n<p>[\/et_pb_text][\/et_pb_column][\/et_pb_row][et_pb_row _builder_version=&#8221;3.25&#8243; custom_margin=&#8221;-75px|auto||auto||&#8221; custom_padding=&#8221;0px||50px|||&#8221;][et_pb_column type=&#8221;4_4&#8243; _builder_version=&#8221;3.25&#8243; custom_padding=&#8221;|||&#8221; custom_padding__hover=&#8221;|||&#8221;][et_pb_accordion open_toggle_text_color=&#8221;#2e4565&#8243; open_toggle_background_color=&#8221;#ffffff&#8221; closed_toggle_text_color=&#8221;#2a4565&#8243; closed_toggle_background_color=&#8221;rgba(255,255,255,0.63)&#8221; icon_color=&#8221;#ff813a&#8221; _builder_version=&#8221;4.9.1&#8243; toggle_text_color=&#8221;#2e4565&#8243; toggle_font=&#8221;Montserrat|700|||||||&#8221; toggle_font_size=&#8221;22px&#8221; toggle_line_height=&#8221;1.6em&#8221; closed_toggle_font=&#8221;Montserrat||||||||&#8221; body_font_size=&#8221;16px&#8221; body_line_height=&#8221;2em&#8221; custom_margin=&#8221;-41px||||false|false&#8221; custom_padding=&#8221;0px||||false|false&#8221; hover_enabled=&#8221;0&#8243; toggle_font_size_tablet=&#8221;&#8221; toggle_font_size_phone=&#8221;16px&#8221; toggle_font_size_last_edited=&#8221;on|desktop&#8221; border_radii=&#8221;on|35px|35px|35px|35px&#8221; border_width_all=&#8221;0px&#8221; border_color_all=&#8221;#E02B20&#8243; box_shadow_style=&#8221;preset1&#8243; sticky_enabled=&#8221;0&#8243;][et_pb_accordion_item title=&#8221;\u010cesto postavljena pitanja&#8221; open=&#8221;on&#8221; _builder_version=&#8221;4.9.1&#8243; box_shadow_style=&#8221;preset3&#8243; box_shadow_vertical=&#8221;0px&#8221; box_shadow_blur=&#8221;0px&#8221; box_shadow_spread=&#8221;0px&#8221; box_shadow_color=&#8221;rgba(0,0,0,0)&#8221; box_shadow_vertical__hover=&#8221;25px&#8221; box_shadow_vertical__hover_enabled=&#8221;on&#8221; box_shadow_blur__hover=&#8221;45px&#8221; box_shadow_blur__hover_enabled=&#8221;on&#8221; box_shadow_spread__hover=&#8221;-30px&#8221; box_shadow_spread__hover_enabled=&#8221;on&#8221; box_shadow_color__hover=&#8221;rgba(0,0,0,0.15)&#8221; box_shadow_color__hover_enabled=&#8221;on&#8221;]<\/p>\n<p>Ovdje smo sastavili i objavili neka od naj\u010de\u0161\u0107e postavljanih pitanja za Vas.<br \/>Ukoliko su Vam potrebne dodatne informacije, mi \u0107emo naravno rado pomo\u0107i.<\/p>\n<p>[\/et_pb_accordion_item][et_pb_accordion_item title=&#8221;\u0160ta je Booking-Pilot&#8221; _builder_version=&#8221;4.9.1&#8243; box_shadow_style=&#8221;preset3&#8243; box_shadow_vertical=&#8221;0px&#8221; box_shadow_blur=&#8221;0px&#8221; box_shadow_spread=&#8221;0px&#8221; box_shadow_color=&#8221;rgba(0,0,0,0)&#8221; box_shadow_vertical__hover=&#8221;25px&#8221; box_shadow_vertical__hover_enabled=&#8221;on&#8221; box_shadow_blur__hover=&#8221;45px&#8221; box_shadow_blur__hover_enabled=&#8221;on&#8221; box_shadow_spread__hover=&#8221;-30px&#8221; box_shadow_spread__hover_enabled=&#8221;on&#8221; box_shadow_color__hover=&#8221;rgba(0,0,0,0.15)&#8221; box_shadow_color__hover_enabled=&#8221;on&#8221; open=&#8221;off&#8221;]<\/p>\n<p>Booking-Pilot je moderan, efikasan softver za online rezervaciju termina. Va\u0161i klijenti mogu rezervirati termine bez obzira na lokaciju, vrijeme i Va\u0161e radno vrijeme. Softver vam daje jasan pregled predstoje\u0107ih termina, usluga i zaposlenih. Softver je vrlo pogodan za doktore, stomatologe, veterinare, frizere, konsultantske ku\u0107e, beauty &#038; wellness i sli\u010dne kompanije.<\/p>\n<p>[\/et_pb_accordion_item][et_pb_accordion_item title=&#8221;Mogu li isprobati Booking-Pilot?&#8221; _builder_version=&#8221;4.9.1&#8243; box_shadow_style=&#8221;preset3&#8243; box_shadow_vertical=&#8221;0px&#8221; box_shadow_blur=&#8221;0px&#8221; box_shadow_spread=&#8221;0px&#8221; box_shadow_color=&#8221;rgba(0,0,0,0)&#8221; box_shadow_vertical__hover=&#8221;25px&#8221; box_shadow_vertical__hover_enabled=&#8221;on&#8221; box_shadow_blur__hover=&#8221;45px&#8221; box_shadow_blur__hover_enabled=&#8221;on&#8221; box_shadow_spread__hover=&#8221;-30px&#8221; box_shadow_spread__hover_enabled=&#8221;on&#8221; box_shadow_color__hover=&#8221;rgba(0,0,0,0.15)&#8221; box_shadow_color__hover_enabled=&#8221;on&#8221; open=&#8221;off&#8221;]<\/p>\n<p>Nakon registracije (pogledajte link Registracija u gornjem dijelu web stranice) mo\u017eete besplatno testirati softver 15 dana. Testna faza se zavr\u0161ava automatski.<\/p>\n<p>[\/et_pb_accordion_item][et_pb_accordion_item title=&#8221;Kako da sam instaliram Booking-Pilot?&#8221; _builder_version=&#8221;4.9.1&#8243; box_shadow_style=&#8221;preset3&#8243; box_shadow_vertical=&#8221;0px&#8221; box_shadow_blur=&#8221;0px&#8221; box_shadow_spread=&#8221;0px&#8221; box_shadow_color=&#8221;rgba(0,0,0,0)&#8221; box_shadow_vertical__hover=&#8221;25px&#8221; box_shadow_vertical__hover_enabled=&#8221;on&#8221; box_shadow_blur__hover=&#8221;45px&#8221; box_shadow_blur__hover_enabled=&#8221;on&#8221; box_shadow_spread__hover=&#8221;-30px&#8221; box_shadow_spread__hover_enabled=&#8221;on&#8221; box_shadow_color__hover=&#8221;rgba(0,0,0,0.15)&#8221; box_shadow_color__hover_enabled=&#8221;on&#8221; open=&#8221;off&#8221;]<\/p>\n<p>Booking-Pilot je online softver, tj. instalacija nije potrebna. Sve \u0161to trebate u\u010diniti je aktivirati formular za rezerviranje termina za klijente na svom homepage-u. Kratko uputstva o tome kako da to uradite na\u0107i \u0107ete nakon registracije pod linkom Plugin => Plugin.<\/p>\n<p>Ako ne \u017eelite sami aktivirati plugin, mo\u017eete nas kontaktirati i mi \u0107emo preuzeti aktivaciju. Aktivira\u0107emo Plugin na va\u0161em homepage-u i konfigurirati softver.<\/p>\n<p>[\/et_pb_accordion_item][et_pb_accordion_item title=&#8221;Kako mogu otkazati Booking-Pilot?&#8221; _builder_version=&#8221;4.9.1&#8243; box_shadow_style=&#8221;preset3&#8243; box_shadow_vertical=&#8221;0px&#8221; box_shadow_blur=&#8221;0px&#8221; box_shadow_spread=&#8221;0px&#8221; box_shadow_color=&#8221;rgba(0,0,0,0)&#8221; box_shadow_vertical__hover=&#8221;25px&#8221; box_shadow_vertical__hover_enabled=&#8221;on&#8221; box_shadow_blur__hover=&#8221;45px&#8221; box_shadow_blur__hover_enabled=&#8221;on&#8221; box_shadow_spread__hover=&#8221;-30px&#8221; box_shadow_spread__hover_enabled=&#8221;on&#8221; box_shadow_color__hover=&#8221;rgba(0,0,0,0.15)&#8221; box_shadow_color__hover_enabled=&#8221;on&#8221; open=&#8221;off&#8221;]<\/p>\n<p>Faza testiranja zavr\u0161ava se automatski, tj. otkazivanje nije potrebno. Ako koristite pla\u0107enu verziju, dobit \u0107ete dva e-maila prije isteka ugovora (12 mjeseci). Ovim e-mailom \u0107ete biti obavije\u0161teni da ugovor uskoro isti\u010de. Ako odgovorite na bilo koju od ovih e-poruka i otka\u017eete ugovor, ugovor se ne\u0107e obnoviti. U suprotnom ugovor \u0107e se automatski produ\u017eiti za jo\u0161 jedan period (12 mjeseci).<\/p>\n<p>[\/et_pb_accordion_item][et_pb_accordion_item title=&#8221;Da li \u0107u imati bilo kakve tro\u0161kove tokom probnog perioda od 15 dana?&#8221; _builder_version=&#8221;4.9.1&#8243; hover_enabled=&#8221;0&#8243; box_shadow_style=&#8221;preset3&#8243; box_shadow_vertical=&#8221;0px&#8221; box_shadow_blur=&#8221;0px&#8221; box_shadow_spread=&#8221;0px&#8221; box_shadow_color=&#8221;rgba(0,0,0,0)&#8221; box_shadow_vertical__hover=&#8221;25px&#8221; box_shadow_vertical__hover_enabled=&#8221;on&#8221; box_shadow_blur__hover=&#8221;45px&#8221; box_shadow_blur__hover_enabled=&#8221;on&#8221; box_shadow_spread__hover=&#8221;-30px&#8221; box_shadow_spread__hover_enabled=&#8221;on&#8221; box_shadow_color__hover=&#8221;rgba(0,0,0,0.15)&#8221; box_shadow_color__hover_enabled=&#8221;on&#8221; open=&#8221;off&#8221; sticky_enabled=&#8221;0&#8243;]<\/p>\n<p>Ne. Booking-Pilot mo\u017eete testirati 15 dana bez obaveza, bez ograni\u010denja i bez rizika. Testna faza se zavr\u0161ava automatski.<\/p>\n<p>[\/et_pb_accordion_item][et_pb_accordion_item title=&#8221;Kako mogu pretvoriti svoj probni ra\u010dun u punopravni ra\u010dun?&#8221; _builder_version=&#8221;4.9.1&#8243; box_shadow_style=&#8221;preset3&#8243; box_shadow_vertical=&#8221;0px&#8221; box_shadow_blur=&#8221;0px&#8221; box_shadow_spread=&#8221;0px&#8221; box_shadow_color=&#8221;rgba(0,0,0,0)&#8221; box_shadow_vertical__hover=&#8221;25px&#8221; box_shadow_vertical__hover_enabled=&#8221;on&#8221; box_shadow_blur__hover=&#8221;45px&#8221; box_shadow_blur__hover_enabled=&#8221;on&#8221; box_shadow_spread__hover=&#8221;-30px&#8221; box_shadow_spread__hover_enabled=&#8221;on&#8221; box_shadow_color__hover=&#8221;rgba(0,0,0,0.15)&#8221; box_shadow_color__hover_enabled=&#8221;on&#8221; open=&#8221;off&#8221;]<\/p>\n<p>U toku test faze, u portalu, u gornjem desnom uglu softvera je prikazano dugme &#8216;Aktiviraj&#8217;. Nakon \u0161to kliknete na ovo dugme, bi\u0107ete preusmjereni na odgovaraju\u0107u stranicu. Na ovoj stranici mo\u017eete kupiti pla\u0107enu verziju.<\/p>\n<p>[\/et_pb_accordion_item][et_pb_accordion_item title=&#8221;Kako mogu platiti?&#8221; _builder_version=&#8221;4.9.1&#8243; box_shadow_style=&#8221;preset3&#8243; box_shadow_vertical=&#8221;0px&#8221; box_shadow_blur=&#8221;0px&#8221; box_shadow_spread=&#8221;0px&#8221; box_shadow_color=&#8221;rgba(0,0,0,0)&#8221; box_shadow_vertical__hover=&#8221;25px&#8221; box_shadow_vertical__hover_enabled=&#8221;on&#8221; box_shadow_blur__hover=&#8221;45px&#8221; box_shadow_blur__hover_enabled=&#8221;on&#8221; box_shadow_spread__hover=&#8221;-30px&#8221; box_shadow_spread__hover_enabled=&#8221;on&#8221; box_shadow_color__hover=&#8221;rgba(0,0,0,0.15)&#8221; box_shadow_color__hover_enabled=&#8221;on&#8221; open=&#8221;off&#8221;]<\/p>\n<p>Dostupne su vam razli\u010dite opcije pla\u0107anja:<\/p>\n<p>Online transfer<br \/>Faktura<\/p>\n<p>[\/et_pb_accordion_item][\/et_pb_accordion][\/et_pb_column][\/et_pb_row][\/et_pb_section]<\/p>\n","protected":false},"excerpt":{"rendered":"<p>FAQ &#8211; \u010cesto postavljena pitanja Za\u0161to komplikovati?Booking Pilot \u2013 jasan, jednostavan, efikasan na\u010din rezervacije termina F.A. Q.Ovdje smo sastavili i objavili neka od naj\u010de\u0161\u0107e postavljanih pitanja za Vas.Ukoliko su Vam potrebne dodatne informacije, mi \u0107emo naravno rado pomo\u0107i.Booking-Pilot je moderan, efikasan softver za online rezervaciju termina. Va\u0161i klijenti mogu rezervirati termine bez obzira na lokaciju, [&hellip;]<\/p>\n","protected":false},"author":1,"featured_media":0,"parent":0,"menu_order":0,"comment_status":"closed","ping_status":"closed","template":"","meta":{"_et_pb_use_builder":"on","_et_pb_old_content":"","_et_gb_content_width":"","footnotes":""},"class_list":["post-343","page","type-page","status-publish","hentry"],"_links":{"self":[{"href":"https:\/\/booking-pilot.com\/ba\/wp-json\/wp\/v2\/pages\/343","targetHints":{"allow":["GET"]}}],"collection":[{"href":"https:\/\/booking-pilot.com\/ba\/wp-json\/wp\/v2\/pages"}],"about":[{"href":"https:\/\/booking-pilot.com\/ba\/wp-json\/wp\/v2\/types\/page"}],"author":[{"embeddable":true,"href":"https:\/\/booking-pilot.com\/ba\/wp-json\/wp\/v2\/users\/1"}],"replies":[{"embeddable":true,"href":"https:\/\/booking-pilot.com\/ba\/wp-json\/wp\/v2\/comments?post=343"}],"version-history":[{"count":41,"href":"https:\/\/booking-pilot.com\/ba\/wp-json\/wp\/v2\/pages\/343\/revisions"}],"predecessor-version":[{"id":1457,"href":"https:\/\/booking-pilot.com\/ba\/wp-json\/wp\/v2\/pages\/343\/revisions\/1457"}],"wp:attachment":[{"href":"https:\/\/booking-pilot.com\/ba\/wp-json\/wp\/v2\/media?parent=343"}],"curies":[{"name":"wp","href":"https:\/\/api.w.org\/{rel}","templated":true}]}}